{"id":3722,"date":"2019-06-02T10:30:18","date_gmt":"2019-06-02T14:30:18","guid":{"rendered":"http:\/\/ve2reh.com\/wp\/?post_type=product&#038;p=3722"},"modified":"2024-10-06T20:26:18","modified_gmt":"2024-10-07T00:26:18","slug":"ecusson-communications-durgence","status":"publish","type":"product","link":"https:\/\/ve2reh.com\/wp\/produit\/ecusson-communications-durgence\/","title":{"rendered":"\u00c9cusson brod\u00e9 Communications d&rsquo;urgence"},"content":{"rendered":"<p>Le grand retour de ce fameux \u00e9cusson de Communications d'urgence - Radioamateur.\u00a0 Cet \u00e9cusson \u00e0 coudre rappelle les couleurs et logo international de la s\u00e9curit\u00e9 civile.\u00a0 Con\u00e7u dans les ann\u00e9es 2000 par Martin VE2ZVL et Diane VE2SOV en partenariat avec les membres de Qu\u00e9bec Secours.\u00a0 L'ARAI est fi\u00e8re de vous offrir ce bel \u00e9cusson brod\u00e9.<\/p>\n","protected":false},"excerpt":{"rendered":"<p>\u00c9cusson brod\u00e9 aux couleurs de la S\u00e9curit\u00e9 Civile \u00ab\u00a0Communications d&rsquo;urgence &#8211; Radioamateur\u00a0\u00bb \u00e9dition 2024.<\/p>\n","protected":false},"featured_media":1642,"comment_status":"open","ping_status":"closed","template":"","meta":[],"product_brand":[],"product_cat":[52],"product_tag":[],"class_list":{"0":"post-3722","1":"product","2":"type-product","3":"status-publish","4":"has-post-thumbnail","6":"product_cat-ecusson","8":"first","9":"instock","10":"shipping-taxable","11":"purchasable","12":"product-type-simple"},"_links":{"self":[{"href":"https:\/\/ve2reh.com\/wp\/wp-json\/wp\/v2\/product\/3722","targetHints":{"allow":["GET"]}}],"collection":[{"href":"https:\/\/ve2reh.com\/wp\/wp-json\/wp\/v2\/product"}],"about":[{"href":"https:\/\/ve2reh.com\/wp\/wp-json\/wp\/v2\/types\/product"}],"replies":[{"embeddable":true,"href":"https:\/\/ve2reh.com\/wp\/wp-json\/wp\/v2\/comments?post=3722"}],"wp:featuredmedia":[{"embeddable":true,"href":"https:\/\/ve2reh.com\/wp\/wp-json\/wp\/v2\/media\/1642"}],"wp:attachment":[{"href":"https:\/\/ve2reh.com\/wp\/wp-json\/wp\/v2\/media?parent=3722"}],"wp:term":[{"taxonomy":"product_brand","embeddable":true,"href":"https:\/\/ve2reh.com\/wp\/wp-json\/wp\/v2\/product_brand?post=3722"},{"taxonomy":"product_cat","embeddable":true,"href":"https:\/\/ve2reh.com\/wp\/wp-json\/wp\/v2\/product_cat?post=3722"},{"taxonomy":"product_tag","embeddable":true,"href":"https:\/\/ve2reh.com\/wp\/wp-json\/wp\/v2\/product_tag?post=3722"}],"curies":[{"name":"wp","href":"https:\/\/api.w.org\/{rel}","templated":true}]}}