{"id":7639,"date":"2025-06-26T23:33:52","date_gmt":"2025-06-27T03:33:52","guid":{"rendered":"https:\/\/ve2reh.com\/wp\/?page_id=7639"},"modified":"2026-04-29T21:43:26","modified_gmt":"2026-04-30T01:43:26","slug":"statistiques-reseaux-analogiques-2025-2026","status":"publish","type":"page","link":"https:\/\/ve2reh.com\/wp\/statistiques-reseaux-analogiques-2025-2026\/","title":{"rendered":"Statistiques R\u00e9seaux Analogiques 2025-2026"},"content":{"rendered":"<h1>Statistiques \/ Pr\u00e9sences aux r\u00e9seaux analogiques<\/h1>\n<h2>3 septembre 2025 au 24 juin 2026<\/h2>\n<p>* informations provenant automatiquement de la base de donn\u00e9es QRZ.com, s'il y a des erreurs s.v.p. veuillez apporter les correctifs par l'entremise d'Industrie Canada et QRZ.com<\/p>\n<p>Fichiers en format PDF<\/p>\n<p><a href=\"https:\/\/ve2reh.com\/wp\/wp-content\/uploads\/VE2REH_ReseauAnalogique_2025-09-03.pdf\" target=\"_blank\" rel=\"noopener\">VE2REH_ReseauAnalogique_2025-09-03<\/a><\/p>\n<p><a href=\"https:\/\/ve2reh.com\/wp\/wp-content\/uploads\/VE2REH_ReseauAnalogique_2025-09-10.pdf\" target=\"_blank\" rel=\"noopener\">VE2REH_ReseauAnalogique_2025-09-10<\/a><\/p>\n<p><a href=\"https:\/\/ve2reh.com\/wp\/wp-content\/uploads\/VE2REH_ReseauAnalogique_2025-09-17.pdf\" target=\"_blank\" rel=\"noopener\">VE2REH_ReseauAnalogique_2025-09-17<\/a><\/p>\n<p><a href=\"https:\/\/ve2reh.com\/wp\/wp-content\/uploads\/VE2REH_ReseauAnalogique_2025-09-24.pdf\" target=\"_blank\" rel=\"noopener\">VE2REH_ReseauAnalogique_2025-09-24<\/a><\/p>\n<p><a href=\"https:\/\/ve2reh.com\/wp\/wp-content\/uploads\/VE2REH_ReseauAnalogique_2025-10-01.pdf\" target=\"_blank\" rel=\"noopener\">VE2REH_ReseauAnalogique_2025-10-01<\/a><\/p>\n<p><a href=\"https:\/\/ve2reh.com\/wp\/wp-content\/uploads\/VE2REH_ReseauAnalogique_2025-10-08.pdf\">VE2REH_ReseauAnalogique_2025-10-08<\/a><\/p>\n<p><a href=\"https:\/\/ve2reh.com\/wp\/wp-content\/uploads\/VE2REH_ReseauAnalogique_2025-10-15.pdf\" target=\"_blank\" rel=\"noopener\">VE2REH_ReseauAnalogique_2025-10-15<\/a><\/p>\n<p><a href=\"https:\/\/ve2reh.com\/wp\/wp-content\/uploads\/VE2REH_ReseauAnalogique_2025-10-22.pdf\" target=\"_blank\" rel=\"noopener\">VE2REH_ReseauAnalogique_2025-10-22<\/a><\/p>\n<p><a href=\"https:\/\/ve2reh.com\/wp\/wp-content\/uploads\/VE2REH_ReseauAnalogique_2025-10-29.pdf\" target=\"_blank\" rel=\"noopener\">VE2REH_ReseauAnalogique_2025-10-29<\/a><\/p>\n<p><a href=\"https:\/\/ve2reh.com\/wp\/wp-content\/uploads\/VE2REH_ReseauAnalogique_2025-11-05.pdf\" target=\"_blank\" rel=\"noopener\">VE2REH_ReseauAnalogique_2025-11-05<\/a><\/p>\n<p><a href=\"https:\/\/ve2reh.com\/wp\/wp-content\/uploads\/VE2REH_ReseauAnalogique_2025-11-12.pdf\" target=\"_blank\" rel=\"noopener\">VE2REH_ReseauAnalogique_2025-11-12<\/a><\/p>\n<p><a href=\"https:\/\/ve2reh.com\/wp\/wp-content\/uploads\/VE2REH_ReseauAnalogique_2025-11-19.pdf\" target=\"_blank\" rel=\"noopener\">VE2REH_ReseauAnalogique_2025-11-19<\/a><\/p>\n<p><a href=\"https:\/\/ve2reh.com\/wp\/wp-content\/uploads\/VE2REH_ReseauAnalogique_2025-11-26.pdf\" target=\"_blank\" rel=\"noopener\">VE2REH_ReseauAnalogique_2025-11-26<\/a><\/p>\n<p><a href=\"https:\/\/ve2reh.com\/wp\/wp-content\/uploads\/VE2REH_ReseauAnalogique_2025-12-03.pdf\" target=\"_blank\" rel=\"noopener\">VE2REH_ReseauAnalogique_2025-12-03<\/a><\/p>\n<p><a href=\"https:\/\/ve2reh.com\/wp\/wp-content\/uploads\/VE2REH_ReseauAnalogique_2025-12-10.pdf\" target=\"_blank\" rel=\"noopener\">VE2REH_ReseauAnalogique_2025-12-10<\/a><\/p>\n<p><a href=\"https:\/\/ve2reh.com\/wp\/wp-content\/uploads\/VE2REH_ReseauAnalogique_2025-12-17.pdf\" target=\"_blank\" rel=\"noopener\">VE2REH_ReseauAnalogique_2025-12-17<\/a><\/p>\n<p><a href=\"https:\/\/ve2reh.com\/wp\/wp-content\/uploads\/VE2REH_ReseauAnalogique_2025-12-24.pdf\" target=\"_blank\" rel=\"noopener\">VE2REH_ReseauAnalogique_2025-12-24<\/a><\/p>\n<p><a href=\"https:\/\/ve2reh.com\/wp\/wp-content\/uploads\/VE2REH_ReseauAnalogique_2025-12-31.pdf\" target=\"_blank\" rel=\"noopener\">VE2REH_ReseauAnalogique_2025-12-31 - R\u00e9seau sp\u00e9cial des NAOs en lien avec VE2UMS<\/a><\/p>\n<p><a href=\"https:\/\/ve2reh.com\/wp\/wp-content\/uploads\/VE2REH_ReseauAnalogique_2026-01-07.pdf\" target=\"_blank\" rel=\"noopener\">VE2REH_ReseauAnalogique_2026-01-07<\/a><\/p>\n<p><a href=\"https:\/\/ve2reh.com\/wp\/wp-content\/uploads\/VE2REH_ReseauAnalogique_2026-01-14.pdf\" target=\"_blank\" rel=\"noopener\">VE2REH_ReseauAnalogique_2026-01-14<\/a><\/p>\n<p><a href=\"https:\/\/ve2reh.com\/wp\/wp-content\/uploads\/VE2REH_ReseauAnalogique_2026-01-21.pdf\" target=\"_blank\" rel=\"noopener\">VE2REH_ReseauAnalogique_2026-01-21<\/a><\/p>\n<p><a href=\"https:\/\/ve2reh.com\/wp\/wp-content\/uploads\/VE2REH_ReseauAnalogique_2026-01-28.pdf\" target=\"_blank\" rel=\"noopener\">VE2REH_ReseauAnalogique_2026-01-28<\/a><\/p>\n<p><a href=\"https:\/\/ve2reh.com\/wp\/wp-content\/uploads\/VE2REH_ReseauAnalogique_2026-02-04.pdf\" target=\"_blank\" rel=\"noopener\">VE2REH_ReseauAnalogique_2026-02-04<\/a><\/p>\n<p><a href=\"https:\/\/ve2reh.com\/wp\/wp-content\/uploads\/VE2REH_ReseauAnalogique_2026-02-11.pdf\" target=\"_blank\" rel=\"noopener\">VE2REH_ReseauAnalogique_2026-02-11<\/a><\/p>\n<p><a href=\"https:\/\/ve2reh.com\/wp\/wp-content\/uploads\/VE2REH_ReseauAnalogique_2026-02-18.pdf\" target=\"_blank\" rel=\"noopener\">VE2REH_ReseauAnalogique_2026-02-18<\/a><\/p>\n<p><a href=\"https:\/\/ve2reh.com\/wp\/wp-content\/uploads\/VE2REH_ReseauAnalogique_2026-02-25.pdf\" target=\"_blank\" rel=\"noopener\">VE2REH_ReseauAnalogique_2026-02-25<\/a><\/p>\n<p><a href=\"https:\/\/ve2reh.com\/wp\/wp-content\/uploads\/VE2REH_ReseauAnalogique_2026-03-04.pdf\" target=\"_blank\" rel=\"noopener\">VE2REH_ReseauAnalogique_2026-03-04<\/a><\/p>\n<p><a href=\"https:\/\/ve2reh.com\/wp\/wp-content\/uploads\/VE2REH_ReseauAnalogique_2026-03-11.pdf\" target=\"_blank\" rel=\"noopener\">VE2REH_ReseauAnalogique_2026-03-11<\/a><\/p>\n<p><a href=\"https:\/\/ve2reh.com\/wp\/wp-content\/uploads\/VE2REH_ReseauAnalogique_2026-03-18.pdf\" target=\"_blank\" rel=\"noopener\">VE2REH_ReseauAnalogique_2026-03-18<\/a><\/p>\n<p><a href=\"https:\/\/ve2reh.com\/wp\/wp-content\/uploads\/VE2REH_ReseauAnalogique_2026-03-25.pdf\" target=\"_blank\" rel=\"noopener\">VE2REH_ReseauAnalogique_2026-03-25<\/a><\/p>\n<p><a href=\"https:\/\/ve2reh.com\/wp\/wp-content\/uploads\/VE2REH_ReseauAnalogique_2026-04-01.pdf\" target=\"_blank\" rel=\"noopener\">VE2REH_ReseauAnalogique_2026-04-01<\/a><\/p>\n<p><a href=\"https:\/\/ve2reh.com\/wp\/wp-content\/uploads\/VE2REH_ReseauAnalogique_2026-04-08.pdf\" target=\"_blank\" rel=\"noopener\">VE2REH_ReseauAnalogique_2026-04-08<\/a><\/p>\n<p><a href=\"https:\/\/ve2reh.com\/wp\/wp-content\/uploads\/VE2REH_ReseauAnalogique_2026-04-15.pdf\" target=\"_blank\" rel=\"noopener\">VE2REH_ReseauAnalogique_2026-04-15<\/a><\/p>\n<p><a href=\"https:\/\/ve2reh.com\/wp\/wp-content\/uploads\/VE2REH_ReseauAnalogique_2026-04-22.pdf\" target=\"_blank\" rel=\"noopener\">VE2REH_ReseauAnalogique_2026-04-22<\/a><\/p>\n<p><a href=\"https:\/\/ve2reh.com\/wp\/wp-content\/uploads\/VE2REH_ReseauAnalogique_2026-04-29.pdf\" target=\"_blank\" rel=\"noopener\">VE2REH_ReseauAnalogique_2026-04-29<\/a><\/p>\n<p>&nbsp;<\/p>\n<p>&nbsp;<\/p>\n<p>&nbsp;<\/p>\n<p>&nbsp;<\/p>\n<p>&nbsp;<\/p>\n<p>&nbsp;<\/p>\n<p>&nbsp;<\/p>\n<p>&nbsp;<\/p>\n<p>&nbsp;<\/p>\n<p>&nbsp;<\/p>\n<p>&nbsp;<\/p>\n<p>&nbsp;<\/p>\n<p>&nbsp;<\/p>\n<p>&nbsp;<\/p>\n<p>&nbsp;<\/p>\n<p>&nbsp;<\/p>\n<p>&nbsp;<\/p>\n<p>&nbsp;<\/p>\n<p>&nbsp;<\/p>\n<p>&nbsp;<\/p>\n<p>&nbsp;<\/p>\n<p>&nbsp;<\/p>\n","protected":false},"excerpt":{"rendered":"<p>Statistiques \/ Pr\u00e9sences aux r\u00e9seaux analogiques 3 septembre 2025 au 24 juin 2026 * informations provenant automatiquement de la base de donn\u00e9es QRZ.com, s&rsquo;il y a des erreurs s.v.p. veuillez&#8230; <a class=\"read-more-link\" href=\"https:\/\/ve2reh.com\/wp\/statistiques-reseaux-analogiques-2025-2026\/\">Plus &raquo;<\/a><\/p>\n","protected":false},"author":50,"featured_media":0,"parent":0,"menu_order":0,"comment_status":"closed","ping_status":"closed","template":"","meta":{"footnotes":""},"class_list":["post-7639","page","type-page","status-publish","hentry"],"_links":{"self":[{"href":"https:\/\/ve2reh.com\/wp\/wp-json\/wp\/v2\/pages\/7639","targetHints":{"allow":["GET"]}}],"collection":[{"href":"https:\/\/ve2reh.com\/wp\/wp-json\/wp\/v2\/pages"}],"about":[{"href":"https:\/\/ve2reh.com\/wp\/wp-json\/wp\/v2\/types\/page"}],"author":[{"embeddable":true,"href":"https:\/\/ve2reh.com\/wp\/wp-json\/wp\/v2\/users\/50"}],"replies":[{"embeddable":true,"href":"https:\/\/ve2reh.com\/wp\/wp-json\/wp\/v2\/comments?post=7639"}],"version-history":[{"count":34,"href":"https:\/\/ve2reh.com\/wp\/wp-json\/wp\/v2\/pages\/7639\/revisions"}],"predecessor-version":[{"id":7859,"href":"https:\/\/ve2reh.com\/wp\/wp-json\/wp\/v2\/pages\/7639\/revisions\/7859"}],"wp:attachment":[{"href":"https:\/\/ve2reh.com\/wp\/wp-json\/wp\/v2\/media?parent=7639"}],"curies":[{"name":"wp","href":"https:\/\/api.w.org\/{rel}","templated":true}]}}