{"id":6128,"date":"2022-08-29T16:22:55","date_gmt":"2022-08-29T20:22:55","guid":{"rendered":"https:\/\/ve2reh.com\/wp\/?page_id=6128"},"modified":"2022-08-29T16:22:55","modified_gmt":"2022-08-29T20:22:55","slug":"configuration-aprs-analogique","status":"publish","type":"page","link":"https:\/\/ve2reh.com\/wp\/configuration-aprs-analogique\/","title":{"rendered":"Configuration APRS analogique"},"content":{"rendered":"<p><a href=\"https:\/\/ve2reh.com\/wp\/wp-content\/uploads\/2013\/10\/aprs.jpg\"><img loading=\"lazy\" decoding=\"async\" class=\"size-full wp-image-94 alignleft\" src=\"https:\/\/ve2reh.com\/wp\/wp-content\/uploads\/2013\/10\/aprs.jpg\" alt=\"\" width=\"93\" height=\"52\" \/><\/a>Vous avez un TNC ou un radio analogique qui supporte l'APRS?\u00a0 Voici quelques configurations de base d'APRS pour vous, remerciement \u00e0 Eric VA2CEG pour le petit r\u00e9sum\u00e9<\/p>\n<div dir=\"auto\">SECTION (APRS)<\/div>\n<div dir=\"auto\"><\/div>\n<div dir=\"auto\">APRS TX TONE:OFF<\/div>\n<div dir=\"auto\">DESTINATION CALL SIGN: VE2REH<\/div>\n<div dir=\"auto\">DESTINATION ID: -3<\/div>\n<div dir=\"auto\">YOUR CALL SIGN: TON INDICATIF<\/div>\n<div dir=\"auto\">YOUR SSID: -14<\/div>\n<div dir=\"auto\">PATH: WIDE2-2<\/div>\n<div dir=\"auto\"><\/div>\n<div dir=\"auto\">SECTION (GPS RANGING)<\/div>\n<div dir=\"auto\"><\/div>\n<div dir=\"auto\">GPS: ON<\/div>\n<div dir=\"auto\">GET GET INFO: ON<\/div>\n<div dir=\"auto\">TIME ZONE: GTM-5<\/div>\n<div dir=\"auto\">RANGING INT: 30<\/div>\n<div dir=\"auto\">DUSRANCE UNIT: METRIC<\/div>\n<div dir=\"auto\">GPS TEMPLATE INFO: OFF<\/div>\n<div dir=\"auto\">GPS MODE : GPS<\/div>\n","protected":false},"excerpt":{"rendered":"<p>Vous avez un TNC ou un radio analogique qui supporte l&rsquo;APRS?\u00a0 Voici quelques configurations de base d&rsquo;APRS pour vous, remerciement \u00e0 Eric VA2CEG pour le petit r\u00e9sum\u00e9 SECTION (APRS) APRS&#8230; <a class=\"read-more-link\" href=\"https:\/\/ve2reh.com\/wp\/configuration-aprs-analogique\/\">Plus &raquo;<\/a><\/p>\n","protected":false},"author":1,"featured_media":0,"parent":0,"menu_order":0,"comment_status":"closed","ping_status":"closed","template":"","meta":{"footnotes":""},"class_list":["post-6128","page","type-page","status-publish","hentry"],"_links":{"self":[{"href":"https:\/\/ve2reh.com\/wp\/wp-json\/wp\/v2\/pages\/6128","targetHints":{"allow":["GET"]}}],"collection":[{"href":"https:\/\/ve2reh.com\/wp\/wp-json\/wp\/v2\/pages"}],"about":[{"href":"https:\/\/ve2reh.com\/wp\/wp-json\/wp\/v2\/types\/page"}],"author":[{"embeddable":true,"href":"https:\/\/ve2reh.com\/wp\/wp-json\/wp\/v2\/users\/1"}],"replies":[{"embeddable":true,"href":"https:\/\/ve2reh.com\/wp\/wp-json\/wp\/v2\/comments?post=6128"}],"version-history":[{"count":1,"href":"https:\/\/ve2reh.com\/wp\/wp-json\/wp\/v2\/pages\/6128\/revisions"}],"predecessor-version":[{"id":6129,"href":"https:\/\/ve2reh.com\/wp\/wp-json\/wp\/v2\/pages\/6128\/revisions\/6129"}],"wp:attachment":[{"href":"https:\/\/ve2reh.com\/wp\/wp-json\/wp\/v2\/media?parent=6128"}],"curies":[{"name":"wp","href":"https:\/\/api.w.org\/{rel}","templated":true}]}}