{"id":3356,"date":"2019-03-13T13:20:39","date_gmt":"2019-03-13T17:20:39","guid":{"rendered":"http:\/\/ve2reh.com\/wp\/?page_id=3356"},"modified":"2024-01-23T19:18:50","modified_gmt":"2024-01-24T00:18:50","slug":"premiers-pas-en-dmr","status":"publish","type":"page","link":"https:\/\/ve2reh.com\/wp\/premiers-pas-en-dmr\/","title":{"rendered":"Premiers pas en DMR"},"content":{"rendered":"<p><img loading=\"lazy\" decoding=\"async\" class=\"wp-image-2550 size-full aligncenter\" src=\"https:\/\/ve2reh.com\/wp\/wp-content\/uploads\/2018\/02\/dmr.png\" alt=\"\" width=\"644\" height=\"139\" srcset=\"https:\/\/ve2reh.com\/wp\/wp-content\/uploads\/2018\/02\/dmr.png 644w, https:\/\/ve2reh.com\/wp\/wp-content\/uploads\/2018\/02\/dmr-600x130.png 600w, https:\/\/ve2reh.com\/wp\/wp-content\/uploads\/2018\/02\/dmr-300x65.png 300w, https:\/\/ve2reh.com\/wp\/wp-content\/uploads\/2018\/02\/dmr-624x135.png 624w\" sizes=\"auto, (max-width: 644px) 100vw, 644px\" \/><\/p>\n<p>\u00c7a y'est, vous \u00eates d\u00e9cid\u00e9, vous en avez entendu parler par les autres radioamateur.\u00a0 Tout le monde en parle...\u00a0 Mais qu'est-ce que c'est exactement le DMR?<\/p>\n<h3>Qu'est-ce que le DMR<\/h3>\n<p><b>Digital Mobile Radio<\/b>\u00a0(DMR) est une norme de radio num\u00e9rique mobile ouverte d\u00e9finie dans l'European Telecommunications Standards Institute (ETSI) standard TS 102 361 partie 1 \u00e0 4 et utilis\u00e9e dans des produits commerciaux \u00e0 travers le monde. C'est une modernisation des\u00a0<a title=\"PMR446\" href=\"https:\/\/fr.wikipedia.org\/wiki\/PMR446\">PMR<\/a> analogiques. DMR a \u00e9t\u00e9 con\u00e7u avec trois niveaux mais pour simplifier la compr\u00e9hension, nous nous concentrerons sur le niveau 2.<\/p>\n<ul>\n<li>Le niveau II couvre les syst\u00e8mes radio conventionnels sous licence, les appareils mobiles et portables utilisant les bandes de fr\u00e9quences PMR de 66 \u00e0 960\u00a0<abbr class=\"abbr\" title=\"m\u00e9gahertz\">MHz<\/abbr>. La norme ETSI DMR Niveau II est destin\u00e9e aux utilisateurs qui ont besoin d\u2019une meilleure efficacit\u00e9 spectrale, de fonctions de phonie avanc\u00e9es et de services de donn\u00e9es IP int\u00e9gr\u00e9s sur des bandes sous licence supportant des communications \u00e0 haute puissance. La norme ETSI DMR Niveau II d\u00e9finit l\u2019application de la technologie TDMA \u00e0 deux intervalles de temps sur les canaux 12,5\u00a0<abbr class=\"abbr\" title=\"kilohertz\">kHz<\/abbr>. Les produits DMR Niveau II sont actuellement disponibles dans le commerce.<\/li>\n<\/ul>\n<p>Le principal objectif de la norme est de sp\u00e9cifier un syst\u00e8me num\u00e9rique avec une faible complexit\u00e9, \u00e0 faible co\u00fbt et l'interop\u00e9rabilit\u00e9 entre les marques, donc les acheteurs de communication radio ne sont pas enferm\u00e9s dans une solution propri\u00e9taire. Dans la pratique, de nombreuses marques n'ont pas adh\u00e9r\u00e9 \u00e0 cette norme ouverte et ont introduit des fonctionnalit\u00e9s propri\u00e9taires qui font leurs offres de produits non-interop\u00e9rable (Motorola MOTOTRBO , Hytera...) .<\/p>\n<p>Elle int\u00e8gre en natif la technologie Internet qui devrait apporter des avantages majeurs\u00a0:<\/p>\n<ul>\n<li>l'interconnexion des r\u00e9seaux radios DMR \u00e0 travers des passerelles (routeurs, Gateways).<\/li>\n<li>permet \u00e0 des utilisateurs d'envoyer des messages sur le r\u00e9seau DMR depuis interne<\/li>\n<\/ul>\n<h3 style=\"line-height: 1.84615; margin-top: 1.71429rem; margin-bottom: 1.71429rem; font-size: 1.14286rem;\">L'identifiant \"ID\" en DMR<\/h3>\n<p>Comme le DMR est bas\u00e9 sur un principe originalement commercial, les appareils ne s'identifient pas avec l'indicatif d'appel un peu comme DSTAR mais avec un identifiant num\u00e9ral unique.\u00a0 Le format du num\u00e9ro est bas\u00e9 sur les identifiants d\u00e9j\u00e0 connus au niveau de la t\u00e9l\u00e9phonie cellulaire internationale.\u00a0 Chaque pays \u00e0 son pr\u00e9fixe, le Canada s'identifie avec le code 302.\u00a0 Donc, tous les r\u00e9p\u00e9teurs DMR du Canada poss\u00e8de un ID \u00e0 6 chiffres d\u00e9butant par 302.\u00a0 Chaque utilisateur poss\u00e8de un ID pr\u00e9f\u00e9rablement 1 par radioamateur, comportant 7 chiffres 302xxxx.\u00a0 <a href=\"https:\/\/www.radioid.net\/register#!\" target=\"_blank\" rel=\"noopener noreferrer\">Vous n'avez pas de ID num\u00e9rique? Cliquez ici pour en faire la demande<\/a><\/p>\n<h3>Le r\u00e9seau concentrateur<\/h3>\n<p>Le r\u00e9seau concentrateur est l'endroit o\u00f9 tous les r\u00e9p\u00e9teurs DMR se rejoignent pour former un r\u00e9seau de milliers de r\u00e9p\u00e9teur DMR.\u00a0 Il en existe plusieurs qui ne sont pas n\u00e9cessairement reli\u00e9s entre-eux.\u00a0 DMR-MARC, DMR+, DMRQ, Brandmeister.\u00a0 V\u00e9rifiez avec votre club local l'affiliation de leur r\u00e9p\u00e9teur DMR.<\/p>\n<h3>Le R\u00e9p\u00e9teur DMR<\/h3>\n<p>Le r\u00e9p\u00e9teur DMR peut \u00eatre un appareil manufactur\u00e9 comme Motorola ou Hytera ou un assemblage artisanal utilisant des r\u00e9p\u00e9teurs conventionnels et un contr\u00f4leur artisanal comme le MMDVM.\u00a0 Il est compos\u00e9 d'un r\u00e9cepteur et d'un transmetteur comme un r\u00e9p\u00e9teur traditionnel.\u00a0 L'interface entre les deux, le contr\u00f4leur, g\u00e8re le r\u00e9p\u00e9teur, est reli\u00e9 \u00e0 internet \u00e0 un r\u00e9seau concentrateur et g\u00e8re les deux canaux num\u00e9rique du r\u00e9p\u00e9teur.\u00a0 Un r\u00e9p\u00e9teur peut traiter deux conversations en m\u00eame temps \u00e0 l'aide des deux canaux num\u00e9riques commun\u00e9ment appel\u00e9es \"time slot\".\u00a0 Chaque canal num\u00e9rique est ind\u00e9pendant de l'autre.\u00a0 On retrouvera alors le TS1 (time slot 1) et le TS2 (time slot 2).\u00a0 C'est le controleur qui g\u00e8re la syncronisation des canaux num\u00e9rique sur l'interface radio.\u00a0 Chaque r\u00e9p\u00e9teur a aussi un \"couleur\" pour les diff\u00e9rencier d'un autre r\u00e9p\u00e9teur qui pourrait \u00eatre \u00e0 proximit\u00e9 sur les m\u00eames fr\u00e9quences.\u00a0 La plupart des r\u00e9p\u00e9teurs utilisent la couleur 1.<\/p>\n<h3>Le \"hotspot\"<\/h3>\n<p>Comme chacun n'a pas la chance d'avoir un r\u00e9p\u00e9teur DMR pr\u00e8s de chez lui, vous pouvez utiliser un \"hotspot\" pour vous offrir la communication RF de votre radio vers un r\u00e9seau concentrateur.\u00a0 Il en existe quelques mod\u00e8les, certains manufactur\u00e9 et d'autres artisanaux.\u00a0 Vous avez peut-\u00eatre entendu parler du OpenSpot, Zumspot ou Jumbospot.\u00a0 V\u00e9rifiez avec vos coll\u00e8gues exp\u00e9riment\u00e9s leur exp\u00e9rience avec les diff\u00e9rents mod\u00e8les pour des conseils.\u00a0 Les \"hotspot\" \u00e9mettent \u00e0 basse puissance en VHF ou UHF selon le choix du radioamateur.\u00a0 Ils sont souvent multimodes (DMR, Fusion, DSTAR, NXDN).\u00a0 La plupart sont simplex et n'ont qu'une seule \"TS\".\u00a0 Vous pouvez d\u00e9cider vers quel r\u00e9seau concentrateur vous voulez acheminer vos transmissions.\u00a0 Plusieurs mod\u00e8les de Hotspot sont disponibles, des d\u00e9j\u00e0 tout fait ou des mod\u00e8les \u00e0 assembler.\u00a0 Une simple recherche sur Google Hotspot DMR et vous aurez l'embarras du choix.\u00a0 Les plus populaires sont les \"jumbospot\" (raspberry pi et mmdvm) ou les OpenSpot.<\/p>\n<h3>Les groupes de discussions \"Talk group ou TG\"<\/h3>\n<p>Ce qui diff\u00e9rencie la radio analogique et la radio DMR mis \u00e0 part les \"time slot\" ce sont les Groupe de discussion commun\u00e9ment appel\u00e9s \"Talk group ou TG\".\u00a0 Il s'agit d'une sous couche \u00e0 une \"time slot\" et qui permet de concentrer ses discussions dans un groupe ou r\u00e9gion particuli\u00e8re.\u00a0 On peut alors retrouver un \"TG\" sur le \"TS1\" et un autre \"TG\" sur la \"TS2\".\u00a0 Par convention, les \"TG\" de 1 \u00e0 89 sont utilis\u00e9s pour les conversations locales et ne sont pas retransmis dans le r\u00e9seau concentrateur.\u00a0 Le \"TG9\" est par d\u00e9faut le \"TG\" qu'on utilise pour les conversations locales sur un r\u00e9p\u00e9teur local.\u00a0 Le \"TG99\" est normalement utilis\u00e9 en simplex entre deux radios.\u00a0 Tous les autres \"TG\" plus haut que 99 seront retransmis sur le r\u00e9seau concentrateur.\u00a0 Les \"TG\" par convention suivent le num\u00e9ro de pays tel que discut\u00e9 plus haut, alors tous les \"TG\" commen\u00e7ant par 302 se retrouvent au Canada.\u00a0 Ainsi si vous \u00e9mettez sur le \"TG3022\" (Qu\u00e9bec), tous les r\u00e9p\u00e9teurs qui ont ce \"TG\" d'assign\u00e9 vous retransmettront.\u00a0 Sur un r\u00e9p\u00e9teur, un sysop (gestionnaire du r\u00e9p\u00e9teur) peut assigner de fa\u00e7on statique un \"TG\" \u00e0 une \"TS\".\u00a0 Par exemple, tous les sysop Qu\u00e9b\u00e9cois ont assign\u00e9 le \"TG3022\" \u00e0 la \"TS1\" de leur r\u00e9p\u00e9teur.\u00a0 Ce \"TG\" est alors statique.\u00a0 Vous n'avez qu'\u00e0 \u00e9couter le \"TS1\" d'un tel r\u00e9p\u00e9teur et vous entendrez automatiquement tous le Qu\u00e9bec.\u00a0 Par convention, seul le \"TG\" statique doit \u00eatre utilis\u00e9 sur une \"TS\" avec \"TG\" statique.\u00a0 Les \"TG\" dynamiques sont fonctionnels seulement lorsque vous l'\u00e9mettez.\u00a0 C'est \u00e0 dire, si vous voulez connecter le \"TG\" 208 (France) sur la \"TS2\", vous \u00e9mettez ce \"TG\" et le r\u00e9p\u00e9teur connecte pour une p\u00e9riode d\u00e9termin\u00e9e ce \"TG\".\u00a0 Vous pouvez connecter plusieurs \"TG\" dynamique.\u00a0 Ils se refermeront tous seuls.<\/p>\n<h3>Les radios DMR de l'utilisateur<\/h3>\n<p>La plupart des r\u00e9p\u00e9teurs DMR du Qu\u00e9bec sont dans la bande UHF \u00e0 l'exception de la r\u00e9gion du Saguenay.\u00a0 Dans les marques commerciales comme Motorola ou Hytera, les radios disponibles sont mono-bande.\u00a0 Par contre les radios de tierces compagnies sont disponibles bi-bande VHF et\/ou UHF.\u00a0 L'avantage des radios commerciales est leur solidit\u00e9, la grande qualit\u00e9 du mat\u00e9riel et du logiciel interne de l'appareil.\u00a0 Leur d\u00e9savantage est souvent la difficult\u00e9 de trouver des accessoires \u00e0 bon march\u00e9 et l'acc\u00e8s \u00e0 modifier la programmation de l'appareil \u00e0 m\u00eame le clavier.\u00a0 De leur c\u00f4t\u00e9 les appareils tiers comme TYT, Radioditty, Ailunce, CSI, Anytone etc, la qualit\u00e9 de fabrication variable et les possibles probl\u00e8mes logiciels sont plus courants.\u00a0 Par contre les accessoires comme les c\u00e2bles de programmations, logiciels sont plus facilement accessibles \u00e0 moindre co\u00fbt.\u00a0 Un avantage ind\u00e9niable \u00e0 certains appareils vou\u00e9s plus \u00e0 la radioamateur est la possibilit\u00e9 de tout programmer autant avec l'ordinateur qu'avec le clavier du radio.\u00a0 V\u00e9rifiez aupr\u00e8s de vos coll\u00e8gues radioamateur pour obtenir de judicieux conseils.<\/p>\n<p>Pour conclure, le mode num\u00e9rique DMR est un mode fascinant.\u00a0 Un son num\u00e9rique mais une qualit\u00e9 d'audio exceptionnelle.\u00a0 Pas de statique comme les modes analogiques.\u00a0 Un autre avantage est la port\u00e9e am\u00e9lior\u00e9e des transmissions gr\u00e2ce \u00e0 la technologie et la modulation du mode num\u00e9rique DMR.<\/p>\n<p>Voici quelques liens pour agr\u00e9menter votre apprentissage...<\/p>\n<ul>\n<li>R\u00e9seau concentrateur Brandmeister <a href=\"http:\/\/brandmeister.network\" target=\"_blank\" rel=\"noopener noreferrer\">http:\/\/brandmeister.network<\/a><\/li>\n<li>Brandmeister Canada\u00a0<a href=\"https:\/\/wiki.brandmeister.network\/index.php\/Canada\" target=\"_blank\" rel=\"noopener noreferrer\">https:\/\/wiki.brandmeister.network\/index.php\/Canada<\/a><\/li>\n<li>Liste des TG Brandmeister\u00a0<a href=\"https:\/\/brandmeister.network\/?page=talkgroups\" target=\"_blank\" rel=\"noopener noreferrer\">https:\/\/brandmeister.network\/?page=talkgroups<\/a><\/li>\n<li>R\u00e9seau concentrateur DMRQ\u00a0<a href=\"https:\/\/dmrq.org\/\" target=\"_blank\" rel=\"noopener noreferrer\">https:\/\/dmrq.org\/<\/a><\/li>\n<li>R\u00e9seau concentrateur DMR-MARC\u00a0<a href=\"http:\/\/www.dmr-marc.net\/\" target=\"_blank\" rel=\"noopener noreferrer\">http:\/\/www.dmr-marc.net\/<\/a><\/li>\n<li>Hotspot OpenSpot\u00a0<a href=\"https:\/\/www.sharkrf.com\/products\/openspot2\/\" target=\"_blank\" rel=\"noopener noreferrer\">https:\/\/www.sharkrf.com\/products\/openspot2\/<\/a><\/li>\n<li>Hotspot JumboSpot (voir amazon, ebay etc)<\/li>\n<li>CSI Radios DMR pour amateur\u00a0<a href=\"http:\/\/www.connectsystems.com\/amateur.html\" target=\"_blank\" rel=\"noopener noreferrer\">http:\/\/www.connectsystems.com\/amateur.html<\/a><\/li>\n<li>TYT, Ailunce, Radioditty (voir amazon ebay etc)<\/li>\n<li>Radios Hytera et Motorola (ebay, facebook DMR group, entreprises commerciales de t\u00e9l\u00e9com)<\/li>\n<li>WPSD Project (logiciel comme Pi-Star pour HotSpot)\n<ul>\n<li><a href=\"https:\/\/w0chp.radio\/\" target=\"_blank\" rel=\"noopener\">W0CHP.radio<\/a> - lien en anglais<\/li>\n<li><a href=\"https:\/\/wpsd-docs.w0chp.net\/\" target=\"_blank\" rel=\"noopener\">Manuel<\/a> en ligne - en anglais<\/li>\n<li><a href=\"https:\/\/ve2reh.com\/wp\/wp-content\/uploads\/InstallationWPSD-parVE2TLS.pdf\" target=\"_blank\" rel=\"noopener\">Installation simplifi\u00e9e et traduite<\/a> par Mathieu VE2TLS<\/li>\n<li><\/li>\n<\/ul>\n<\/li>\n<\/ul>\n","protected":false},"excerpt":{"rendered":"<p>\u00c7a y&rsquo;est, vous \u00eates d\u00e9cid\u00e9, vous en avez entendu parler par les autres radioamateur.\u00a0 Tout le monde en parle&#8230;\u00a0 Mais qu&rsquo;est-ce que c&rsquo;est exactement le DMR? Qu&rsquo;est-ce que le DMR&#8230; <a class=\"read-more-link\" href=\"https:\/\/ve2reh.com\/wp\/premiers-pas-en-dmr\/\">Plus &raquo;<\/a><\/p>\n","protected":false},"author":1,"featured_media":0,"parent":0,"menu_order":0,"comment_status":"closed","ping_status":"closed","template":"","meta":{"footnotes":""},"class_list":["post-3356","page","type-page","status-publish","hentry"],"_links":{"self":[{"href":"https:\/\/ve2reh.com\/wp\/wp-json\/wp\/v2\/pages\/3356","targetHints":{"allow":["GET"]}}],"collection":[{"href":"https:\/\/ve2reh.com\/wp\/wp-json\/wp\/v2\/pages"}],"about":[{"href":"https:\/\/ve2reh.com\/wp\/wp-json\/wp\/v2\/types\/page"}],"author":[{"embeddable":true,"href":"https:\/\/ve2reh.com\/wp\/wp-json\/wp\/v2\/users\/1"}],"replies":[{"embeddable":true,"href":"https:\/\/ve2reh.com\/wp\/wp-json\/wp\/v2\/comments?post=3356"}],"version-history":[{"count":14,"href":"https:\/\/ve2reh.com\/wp\/wp-json\/wp\/v2\/pages\/3356\/revisions"}],"predecessor-version":[{"id":6950,"href":"https:\/\/ve2reh.com\/wp\/wp-json\/wp\/v2\/pages\/3356\/revisions\/6950"}],"wp:attachment":[{"href":"https:\/\/ve2reh.com\/wp\/wp-json\/wp\/v2\/media?parent=3356"}],"curies":[{"name":"wp","href":"https:\/\/api.w.org\/{rel}","templated":true}]}}