{"id":2541,"date":"2018-02-11T23:05:21","date_gmt":"2018-02-12T04:05:21","guid":{"rendered":"http:\/\/ve2reh.com\/wp\/?page_id=2541"},"modified":"2022-07-11T17:46:49","modified_gmt":"2022-07-11T21:46:49","slug":"node-allstar","status":"publish","type":"page","link":"https:\/\/ve2reh.com\/wp\/node-allstar\/","title":{"rendered":"R\u00e9seau Allstar"},"content":{"rendered":"<p><a href=\"https:\/\/ve2reh.com\/wp\/wp-content\/uploads\/2016\/10\/ALLSTAR.png\"><img loading=\"lazy\" decoding=\"async\" class=\"size-full wp-image-2159 alignright\" src=\"https:\/\/ve2reh.com\/wp\/wp-content\/uploads\/2016\/10\/ALLSTAR.png\" alt=\"\" width=\"243\" height=\"113\" \/><\/a><\/p>\n<p>Le r\u00e9seau AllStar Link est bas\u00e9 sur le syst\u00e8me Asterisk. Il permet de brancher des r\u00e9p\u00e9teurs analogiques ensemble en plus de permettre \u00e0 un utilisateur radioamateur de se brancher via un num\u00e9ro t\u00e9l\u00e9phonique ou un syst\u00e8me VOIP et effectuer des conversations vers les r\u00e9p\u00e9teurs connect\u00e9s en utilisant la technologie 'Voix sur IP' ou VoIP.<\/p>\n<p>Pour plus d'informations consultez: <a href=\"http:\/\/www.allstarlink.org\">http:\/\/www.allstarlink.org<\/a><\/p>\n<p>Pour nous rejoindre via Allstar, connectez-vous \u00e0 notre concentrateur AllStar qui est diffus\u00e9 sur tous les r\u00e9p\u00e9teurs du r\u00e9seau.\u00a0 Nous utilisons tous les codes standards du r\u00e9seau Allstar Link.<\/p>\n<ul>\n<li><strong>ALLSTAR VE2REH: 440900<\/strong><\/li>\n<li>APRS: <a href=\"https:\/\/aprs.fi\/#!mt=roadmap&amp;z=11&amp;call=a%2FVE2REH-1&amp;timerange=3600&amp;tail=3600\" target=\"_blank\" rel=\"noopener\">VE2REH-1<\/a>, <a href=\"https:\/\/aprs.fi\/#!mt=roadmap&amp;z=11&amp;call=a%2FVE2REH-2&amp;timerange=3600&amp;tail=3600\" target=\"_blank\" rel=\"noopener\">VE2REH-2<\/a>, <a href=\"https:\/\/aprs.fi\/#!mt=roadmap&amp;z=11&amp;call=a%2FVE2REH-5&amp;timerange=3600&amp;tail=3600\" target=\"_blank\" rel=\"noopener\">VE2REH-5<\/a><\/li>\n<li>VIA Hamshack Hotline: 94132<\/li>\n<\/ul>\n","protected":false},"excerpt":{"rendered":"<p>Le r\u00e9seau AllStar Link est bas\u00e9 sur le syst\u00e8me Asterisk. Il permet de brancher des r\u00e9p\u00e9teurs analogiques ensemble en plus de permettre \u00e0 un utilisateur radioamateur de se brancher via&#8230; <a class=\"read-more-link\" href=\"https:\/\/ve2reh.com\/wp\/node-allstar\/\">Plus &raquo;<\/a><\/p>\n","protected":false},"author":1,"featured_media":0,"parent":0,"menu_order":0,"comment_status":"closed","ping_status":"closed","template":"","meta":{"footnotes":""},"class_list":["post-2541","page","type-page","status-publish","hentry"],"_links":{"self":[{"href":"https:\/\/ve2reh.com\/wp\/wp-json\/wp\/v2\/pages\/2541","targetHints":{"allow":["GET"]}}],"collection":[{"href":"https:\/\/ve2reh.com\/wp\/wp-json\/wp\/v2\/pages"}],"about":[{"href":"https:\/\/ve2reh.com\/wp\/wp-json\/wp\/v2\/types\/page"}],"author":[{"embeddable":true,"href":"https:\/\/ve2reh.com\/wp\/wp-json\/wp\/v2\/users\/1"}],"replies":[{"embeddable":true,"href":"https:\/\/ve2reh.com\/wp\/wp-json\/wp\/v2\/comments?post=2541"}],"version-history":[{"count":13,"href":"https:\/\/ve2reh.com\/wp\/wp-json\/wp\/v2\/pages\/2541\/revisions"}],"predecessor-version":[{"id":5994,"href":"https:\/\/ve2reh.com\/wp\/wp-json\/wp\/v2\/pages\/2541\/revisions\/5994"}],"wp:attachment":[{"href":"https:\/\/ve2reh.com\/wp\/wp-json\/wp\/v2\/media?parent=2541"}],"curies":[{"name":"wp","href":"https:\/\/api.w.org\/{rel}","templated":true}]}}